{"id":3602,"date":"2021-08-25T08:22:07","date_gmt":"2021-08-25T08:22:07","guid":{"rendered":"https:\/\/champagneisart.nl\/?page_id=3602"},"modified":"2021-08-26T13:04:29","modified_gmt":"2021-08-26T13:04:29","slug":"retourneren","status":"publish","type":"page","link":"https:\/\/champagneisart.nl\/fr\/retourneren\/","title":{"rendered":"Retour"},"content":{"rendered":"<div class=\"fusion-fullwidth fullwidth-box fusion-builder-row-1 fusion-flex-container nonhundred-percent-fullwidth non-hundred-percent-height-scrolling\" style=\"background-color: #ffffff;background-position: center center;background-repeat: no-repeat;border-width: 0px 0px 2px 0px;border-color:#eae9e9;border-style:solid;\" ><div class=\"fusion-builder-row fusion-row fusion-flex-align-items-flex-start\" style=\"max-width:1040px;margin-left: calc(-4% \/ 2 );margin-right: calc(-4% \/ 2 );\"><div class=\"fusion-layout-column fusion_builder_column fusion-builder-column-0 fusion_builder_column_1_1 1_1 fusion-flex-column\"><div class=\"fusion-column-wrapper fusion-flex-justify-content-flex-start fusion-content-layout-column\" style=\"background-position:left top;background-repeat:no-repeat;-webkit-background-size:cover;-moz-background-size:cover;-o-background-size:cover;background-size:cover;padding: 0px 0px 0px 0px;\"><div class=\"fusion-text fusion-text-1 fusion-text-no-margin\" style=\"margin-top:-30px;margin-bottom:-30px;\"><h1 class=\"\" style=\"--fontsize: 80; line-height: 1.2;\" data-fontsize=\"80\" data-lineheight=\"96px\">Retour<\/h1>\n<p>Pour les produits de la boutique, les retours sont possibles dans un d\u00e9lai de 14 jours. Pour ce faire, veuillez enregistrer le retour via contact et joindre le formulaire ci-dessous rempli \u00e0 l'envoi. Les frais de retour au magasin sont \u00e0 votre charge.<\/p>\n<p>Les champagnes personnalis\u00e9s non endommag\u00e9s et non ouverts ne peuvent \u00eatre retourn\u00e9s. Il s'agit d'un produit personnalis\u00e9 qui ne peut \u00eatre retourn\u00e9.<\/p>\n<\/p>\n<p><a href=\"https:\/\/champagneisart.nl\/wp-content\/uploads\/2021\/08\/Retourformulier.pdf\" target=\"_blank\" rel=\"noopener noreferrer\">T\u00c9L\u00c9CHARGER LE FORMULAIRE DE RETOUR ICI<\/a><\/p>\n<\/div><\/div><style type=\"text\/css\">.fusion-body .fusion-builder-column-0{width:100% !important;margin-top : 25px;margin-bottom : 25px;}.fusion-builder-column-0 > .fusion-column-wrapper {padding-top : 0px !important;padding-right : 0px !important;margin-right : 1.92%;padding-bottom : 0px !important;padding-left : 0px !important;margin-left : 1.92%;}@media only screen and (max-width:1024px) {.fusion-body .fusion-builder-column-0{width:100% !important;order : 0;}.fusion-builder-column-0 > .fusion-column-wrapper {margin-right : 1.92%;margin-left : 1.92%;}}@media only screen and (max-width:640px) {.fusion-body .fusion-builder-column-0{width:100% !important;order : 0;}.fusion-builder-column-0 > .fusion-column-wrapper {margin-right : 1.92%;margin-left : 1.92%;}}<\/style><\/div><\/div><style type=\"text\/css\">.fusion-body .fusion-flex-container.fusion-builder-row-1{ padding-top : 20px;margin-top : 0px;padding-right : 0px;padding-bottom : 20px;margin-bottom : 0px;padding-left : 0px;}<\/style><\/div>","protected":false},"excerpt":{"rendered":"","protected":false},"author":1,"featured_media":0,"parent":0,"menu_order":0,"comment_status":"closed","ping_status":"closed","template":"","meta":{"footnotes":""},"class_list":["post-3602","page","type-page","status-publish","hentry"],"yoast_head":"<!-- This site is optimized with the Yoast SEO plugin v27.5 - https:\/\/yoast.com\/product\/yoast-seo-wordpress\/ -->\n<title>Retourneren | Champagne is Art<\/title>\n<meta name=\"robots\" content=\"index, follow, max-snippet:-1, max-image-preview:large, max-video-preview:-1\" \/>\n<link rel=\"canonical\" href=\"https:\/\/champagneisart.nl\/fr\/retourneren\/\" \/>\n<meta property=\"og:locale\" content=\"fr_FR\" \/>\n<meta property=\"og:type\" content=\"article\" \/>\n<meta property=\"og:title\" content=\"Retourneren | Champagne is Art\" \/>\n<meta property=\"og:url\" content=\"https:\/\/champagneisart.nl\/fr\/retourneren\/\" \/>\n<meta property=\"og:site_name\" content=\"Champagne is Art\" \/>\n<meta property=\"article:modified_time\" content=\"2021-08-26T13:04:29+00:00\" \/>\n<meta property=\"og:image\" content=\"https:\/\/champagneisart.nl\/wp-content\/uploads\/2024\/03\/Champagne-is-Art-Luxe-Relatiegeschenken-Geschenken-Beschilderde-Champagne-20240304_091644-1-scaled-e1711097101474.jpg\" \/>\n\t<meta property=\"og:image:width\" content=\"890\" \/>\n\t<meta property=\"og:image:height\" content=\"656\" \/>\n\t<meta property=\"og:image:type\" content=\"image\/jpeg\" \/>\n<meta name=\"twitter:card\" content=\"summary_large_image\" \/>\n<meta name=\"twitter:label1\" content=\"Dur\u00e9e de lecture estim\u00e9e\" \/>\n\t<meta name=\"twitter:data1\" content=\"3 minutes\" \/>\n<script type=\"application\/ld+json\" class=\"yoast-schema-graph\">{\"@context\":\"https:\\\/\\\/schema.org\",\"@graph\":[{\"@type\":\"WebPage\",\"@id\":\"https:\\\/\\\/champagneisart.nl\\\/retourneren\\\/\",\"url\":\"https:\\\/\\\/champagneisart.nl\\\/retourneren\\\/\",\"name\":\"Retourneren | Champagne is Art\",\"isPartOf\":{\"@id\":\"https:\\\/\\\/champagneisart.nl\\\/#website\"},\"datePublished\":\"2021-08-25T08:22:07+00:00\",\"dateModified\":\"2021-08-26T13:04:29+00:00\",\"breadcrumb\":{\"@id\":\"https:\\\/\\\/champagneisart.nl\\\/retourneren\\\/#breadcrumb\"},\"inLanguage\":\"fr-FR\",\"potentialAction\":[{\"@type\":\"ReadAction\",\"target\":[\"https:\\\/\\\/champagneisart.nl\\\/retourneren\\\/\"]}]},{\"@type\":\"BreadcrumbList\",\"@id\":\"https:\\\/\\\/champagneisart.nl\\\/retourneren\\\/#breadcrumb\",\"itemListElement\":[{\"@type\":\"ListItem\",\"position\":1,\"name\":\"Home\",\"item\":\"https:\\\/\\\/champagneisart.nl\\\/\"},{\"@type\":\"ListItem\",\"position\":2,\"name\":\"Retourneren\"}]},{\"@type\":\"WebSite\",\"@id\":\"https:\\\/\\\/champagneisart.nl\\\/#website\",\"url\":\"https:\\\/\\\/champagneisart.nl\\\/\",\"name\":\"Champagne Is Art\",\"description\":\"Luxe geschenk | Gepersonaliseerde champagnes\",\"publisher\":{\"@id\":\"https:\\\/\\\/champagneisart.nl\\\/#organization\"},\"potentialAction\":[{\"@type\":\"SearchAction\",\"target\":{\"@type\":\"EntryPoint\",\"urlTemplate\":\"https:\\\/\\\/champagneisart.nl\\\/?s={search_term_string}\"},\"query-input\":{\"@type\":\"PropertyValueSpecification\",\"valueRequired\":true,\"valueName\":\"search_term_string\"}}],\"inLanguage\":\"fr-FR\"},{\"@type\":\"Organization\",\"@id\":\"https:\\\/\\\/champagneisart.nl\\\/#organization\",\"name\":\"Champagne Is Art\",\"url\":\"https:\\\/\\\/champagneisart.nl\\\/\",\"logo\":{\"@type\":\"ImageObject\",\"inLanguage\":\"fr-FR\",\"@id\":\"https:\\\/\\\/champagneisart.nl\\\/#\\\/schema\\\/logo\\\/image\\\/\",\"url\":\"https:\\\/\\\/champagneisart.nl\\\/wp-content\\\/uploads\\\/2021\\\/08\\\/CIA-LOGO-WEB-latest.png\",\"contentUrl\":\"https:\\\/\\\/champagneisart.nl\\\/wp-content\\\/uploads\\\/2021\\\/08\\\/CIA-LOGO-WEB-latest.png\",\"caption\":\"Champagne Is Art\"},\"image\":{\"@id\":\"https:\\\/\\\/champagneisart.nl\\\/#\\\/schema\\\/logo\\\/image\\\/\"}}]}<\/script>\n<!-- \/ Yoast SEO plugin. -->","yoast_head_json":{"title":"Retours | Le champagne, c'est de l'art","robots":{"index":"index","follow":"follow","max-snippet":"max-snippet:-1","max-image-preview":"max-image-preview:large","max-video-preview":"max-video-preview:-1"},"canonical":"https:\/\/champagneisart.nl\/fr\/retourneren\/","og_locale":"fr_FR","og_type":"article","og_title":"Retourneren | Champagne is Art","og_url":"https:\/\/champagneisart.nl\/fr\/retourneren\/","og_site_name":"Champagne is Art","article_modified_time":"2021-08-26T13:04:29+00:00","og_image":[{"width":890,"height":656,"url":"https:\/\/champagneisart.nl\/wp-content\/uploads\/2024\/03\/Champagne-is-Art-Luxe-Relatiegeschenken-Geschenken-Beschilderde-Champagne-20240304_091644-1-scaled-e1711097101474.jpg","type":"image\/jpeg"}],"twitter_card":"summary_large_image","twitter_misc":{"Dur\u00e9e de lecture estim\u00e9e":"3 minutes"},"schema":{"@context":"https:\/\/schema.org","@graph":[{"@type":"WebPage","@id":"https:\/\/champagneisart.nl\/retourneren\/","url":"https:\/\/champagneisart.nl\/retourneren\/","name":"Retours | Le champagne, c'est de l'art","isPartOf":{"@id":"https:\/\/champagneisart.nl\/#website"},"datePublished":"2021-08-25T08:22:07+00:00","dateModified":"2021-08-26T13:04:29+00:00","breadcrumb":{"@id":"https:\/\/champagneisart.nl\/retourneren\/#breadcrumb"},"inLanguage":"fr-FR","potentialAction":[{"@type":"ReadAction","target":["https:\/\/champagneisart.nl\/retourneren\/"]}]},{"@type":"BreadcrumbList","@id":"https:\/\/champagneisart.nl\/retourneren\/#breadcrumb","itemListElement":[{"@type":"ListItem","position":1,"name":"Home","item":"https:\/\/champagneisart.nl\/"},{"@type":"ListItem","position":2,"name":"Retourneren"}]},{"@type":"WebSite","@id":"https:\/\/champagneisart.nl\/#website","url":"https:\/\/champagneisart.nl\/","name":"Le champagne, c'est de l'art","description":"Cadeau de luxe | Champagnes personnalis\u00e9s","publisher":{"@id":"https:\/\/champagneisart.nl\/#organization"},"potentialAction":[{"@type":"SearchAction","target":{"@type":"EntryPoint","urlTemplate":"https:\/\/champagneisart.nl\/?s={search_term_string}"},"query-input":{"@type":"PropertyValueSpecification","valueRequired":true,"valueName":"search_term_string"}}],"inLanguage":"fr-FR"},{"@type":"Organization","@id":"https:\/\/champagneisart.nl\/#organization","name":"Le champagne, c'est de l'art","url":"https:\/\/champagneisart.nl\/","logo":{"@type":"ImageObject","inLanguage":"fr-FR","@id":"https:\/\/champagneisart.nl\/#\/schema\/logo\/image\/","url":"https:\/\/champagneisart.nl\/wp-content\/uploads\/2021\/08\/CIA-LOGO-WEB-latest.png","contentUrl":"https:\/\/champagneisart.nl\/wp-content\/uploads\/2021\/08\/CIA-LOGO-WEB-latest.png","caption":"Champagne Is Art"},"image":{"@id":"https:\/\/champagneisart.nl\/#\/schema\/logo\/image\/"}}]}},"_links":{"self":[{"href":"https:\/\/champagneisart.nl\/fr\/wp-json\/wp\/v2\/pages\/3602","targetHints":{"allow":["GET"]}}],"collection":[{"href":"https:\/\/champagneisart.nl\/fr\/wp-json\/wp\/v2\/pages"}],"about":[{"href":"https:\/\/champagneisart.nl\/fr\/wp-json\/wp\/v2\/types\/page"}],"author":[{"embeddable":true,"href":"https:\/\/champagneisart.nl\/fr\/wp-json\/wp\/v2\/users\/1"}],"replies":[{"embeddable":true,"href":"https:\/\/champagneisart.nl\/fr\/wp-json\/wp\/v2\/comments?post=3602"}],"version-history":[{"count":4,"href":"https:\/\/champagneisart.nl\/fr\/wp-json\/wp\/v2\/pages\/3602\/revisions"}],"predecessor-version":[{"id":3711,"href":"https:\/\/champagneisart.nl\/fr\/wp-json\/wp\/v2\/pages\/3602\/revisions\/3711"}],"wp:attachment":[{"href":"https:\/\/champagneisart.nl\/fr\/wp-json\/wp\/v2\/media?parent=3602"}],"curies":[{"name":"wp","href":"https:\/\/api.w.org\/{rel}","templated":true}]}}