{"id":3778,"date":"2021-09-01T10:58:12","date_gmt":"2021-09-01T10:58:12","guid":{"rendered":"https:\/\/champagneisart.nl\/?page_id=3778"},"modified":"2021-12-03T14:05:38","modified_gmt":"2021-12-03T14:05:38","slug":"winactie","status":"publish","type":"page","link":"https:\/\/champagneisart.nl\/fr\/winactie\/","title":{"rendered":"Conditions de l'action gagnante"},"content":{"rendered":"<p><div class=\"fusion-fullwidth fullwidth-box fusion-builder-row-1 fusion-flex-container nonhundred-percent-fullwidth non-hundred-percent-height-scrolling\" style=\"background-color: #ffffff;background-position: center center;background-repeat: no-repeat;border-width: 0px 0px 2px 0px;border-color:#eae9e9;border-style:solid;\" ><div class=\"fusion-builder-row fusion-row fusion-flex-align-items-flex-start\" style=\"max-width:1040px;margin-left: calc(-4% \/ 2 );margin-right: calc(-4% \/ 2 );\"><div class=\"fusion-layout-column fusion_builder_column fusion-builder-column-0 fusion_builder_column_1_5 1_5 fusion-flex-column fusion-no-small-visibility\"><div class=\"fusion-column-wrapper fusion-flex-justify-content-flex-start fusion-content-layout-column\" style=\"background-position:left top;background-repeat:no-repeat;-webkit-background-size:cover;-moz-background-size:cover;-o-background-size:cover;background-size:cover;padding: 0px 0px 0px 0px;\"><\/div><style type=\"text\/css\">.fusion-body .fusion-builder-column-0{width:20% !important;margin-top : 0px;margin-bottom : 10px;}.fusion-builder-column-0 > .fusion-column-wrapper {padding-top : 0px !important;padding-right : 0px !important;margin-right : 14.4%;padding-bottom : 0px !important;padding-left : 0px !important;margin-left : 9.6%;}@media only screen and (max-width:1024px) {.fusion-body .fusion-builder-column-0{width:100% !important;}.fusion-builder-column-0 > .fusion-column-wrapper {margin-right : 1.92%;margin-left : 1.92%;}}@media only screen and (max-width:640px) {.fusion-body .fusion-builder-column-0{width:100% !important;}.fusion-builder-column-0 > .fusion-column-wrapper {margin-right : 1.92%;margin-left : 1.92%;}}<\/style><\/div><div class=\"fusion-layout-column fusion_builder_column fusion-builder-column-1 fusion_builder_column_3_5 3_5 fusion-flex-column\"><div class=\"fusion-column-wrapper fusion-flex-justify-content-flex-start fusion-content-layout-column\" style=\"background-position:left top;background-repeat:no-repeat;-webkit-background-size:cover;-moz-background-size:cover;-o-background-size:cover;background-size:cover;padding: 0px 0px 0px 0px;\"><style type=\"text\/css\">@media only screen and (max-width:1024px) {.fusion-title.fusion-title-1{margin-top:8px!important; margin-right:0px!important;margin-bottom:16px!important;margin-left:0px!important;}}@media only screen and (max-width:640px) {.fusion-title.fusion-title-1{margin-top:8px!important; margin-right:0px!important;margin-bottom:16px!important; margin-left:0px!important;}}<\/style><div class=\"fusion-title title fusion-title-1 fusion-sep-none fusion-title-center fusion-title-text fusion-title-size-two\" style=\"margin-top:8px;margin-right:0px;margin-bottom:16px;margin-left:0px;\"><h2 class=\"title-heading-center fusion-responsive-typography-calculated\" style=\"margin:0;--fontSize:44;line-height:1.26;\">Les conditions gagnent l'action<\/h2><\/div><div class=\"fusion-text fusion-text-1\"><p>Le prix est une bouteille de champagne \"racing formula\" d'une valeur de 250 euros.<\/p>\n<p>Les participants auront une chance de gagner de la mani\u00e8re suivante.<\/p>\n<ul>\n<li>Sur instagram <a href=\"https:\/\/www.instagram.com\/champagne.is.art\" target=\"_blank\" rel=\"noopener noreferrer\">@champagne.is.art<\/a> suivre ;<\/li>\n<li><span style=\"color: var(--body_typography-color); font-family: var(--body_typography-font-family); font-size: var(--body_typography-font-size); font-style: var(--body_typography-font-style,normal); font-weight: var(--body_typography-font-weight); letter-spacing: var(--body_typography-letter-spacing);\">\u00c9tiqueter 2 amis ;<\/span><\/li>\n<li>Un butin suppl\u00e9mentaire pour partager l'histoire (n'oubliez pas de nous taguer).<\/li>\n<\/ul>\n<p>Un participant peut participer \u00e0 l'action gagnante jusqu'au jeudi 09-12-2021.<\/p>\n<p>Le vendredi 10-12-2021, le gagnant sera tir\u00e9 au sort via une application et nous l'annoncerons via instagram.<\/p>\n<p>Le participant doit \u00eatre \u00e2g\u00e9 de 18 ans ou plus pour participer.<\/p>\n<p>Les bouteilles pr\u00e9sent\u00e9es dans les images servent uniquement d'exemples de bouteilles personnalis\u00e9es.<\/p>\n<p>L'action gagnante est o<span style=\"color: var(--body_typography-color); font-family: var(--body_typography-font-family); font-size: var(--body_typography-font-size); font-style: var(--body_typography-font-style,normal); font-weight: var(--body_typography-font-weight); letter-spacing: var(--body_typography-letter-spacing);\">p n'est en aucun cas affili\u00e9 \u00e0 Facebook ou Instagram. Il n'est pas non plus g\u00e9r\u00e9 par Facebook ou Instagram.<\/span><\/p>\n<\/div><\/div><style type=\"text\/css\">.fusion-body .fusion-builder-column-1{width:60% !important;margin-top : 25px;margin-bottom : 30px;}.fusion-builder-column-1 > .fusion-column-wrapper {padding-top : 0px !important;padding-right : 0px !important;margin-right : 4.8%;padding-bottom : 0px !important;padding-left : 0px !important;margin-left : 4.8%;}@media only screen and (max-width:1024px) {.fusion-body .fusion-builder-column-1{width:100% !important;margin-top : 10px;margin-bottom : 10px;}.fusion-builder-column-1 > .fusion-column-wrapper {margin-right : 1.92%;margin-left : 1.92%;}}@media only screen and (max-width:640px) {.fusion-body .fusion-builder-column-1{width:100% !important;}.fusion-builder-column-1 > .fusion-column-wrapper {margin-right : 1.92%;margin-left : 1.92%;}}<\/style><\/div><div class=\"fusion-layout-column fusion_builder_column fusion-builder-column-2 fusion_builder_column_1_5 1_5 fusion-flex-column fusion-no-small-visibility\"><div class=\"fusion-column-wrapper fusion-flex-justify-content-flex-start fusion-content-layout-column\" style=\"background-position:left top;background-repeat:no-repeat;-webkit-background-size:cover;-moz-background-size:cover;-o-background-size:cover;background-size:cover;padding: 0px 0px 0px 0px;\"><\/div><style type=\"text\/css\">.fusion-body .fusion-builder-column-2{width:20% !important;margin-top : 0px;margin-bottom : 10px;}.fusion-builder-column-2 > .fusion-column-wrapper {padding-top : 0px !important;padding-right : 0px !important;margin-right : 9.6%;padding-bottom : 0px !important;padding-left : 0px !important;margin-left : 14.4%;}@media only screen and (max-width:1024px) {.fusion-body .fusion-builder-column-2{width:100% !important;}.fusion-builder-column-2 > .fusion-column-wrapper {margin-right : 1.92%;margin-left : 1.92%;}}@media only screen and (max-width:640px) {.fusion-body .fusion-builder-column-2{width:100% !important;}.fusion-builder-column-2 > .fusion-column-wrapper {margin-right : 1.92%;margin-left : 1.92%;}}<\/style><\/div><\/div><style type=\"text\/css\">.fusion-body .fusion-flex-container.fusion-builder-row-1{ padding-top : 20px;margin-top : 0px;padding-right : 0px;padding-bottom : 60px;margin-bottom : 0px;padding-left : 0px;}@media only screen and (max-width:640px) {.fusion-body .fusion-flex-container.fusion-builder-row-1{ padding-right : 2px;padding-left : 2px;}}<\/style><\/div><div class=\"fusion-fullwidth fullwidth-box fusion-builder-row-2 fusion-flex-container nonhundred-percent-fullwidth non-hundred-percent-height-scrolling\" style=\"background-color: #ffffff;background-position: center center;background-repeat: no-repeat;border-width: 0px 0px 2px 0px;border-color:#eae9e9;border-style:solid;\" ><div class=\"fusion-builder-row fusion-row fusion-flex-align-items-flex-start\" style=\"max-width:1040px;margin-left: calc(-4% \/ 2 );margin-right: calc(-4% \/ 2 );\"><div class=\"fusion-layout-column fusion_builder_column fusion-builder-column-3 fusion_builder_column_1_4 1_4 fusion-flex-column fusion-no-small-visibility fusion-no-medium-visibility\"><div class=\"fusion-column-wrapper fusion-flex-justify-content-flex-start fusion-content-layout-column\" style=\"background-position:left top;background-repeat:no-repeat;-webkit-background-size:cover;-moz-background-size:cover;-o-background-size:cover;background-size:cover;padding: 0px 0px 0px 0px;\"><\/div><style type=\"text\/css\">.fusion-body .fusion-builder-column-3{width:25% !important;margin-top : 0px;margin-bottom : 5px;}.fusion-builder-column-3 > .fusion-column-wrapper {padding-top : 0px !important;padding-right : 0px !important;margin-right : 3.84%;padding-bottom : 0px !important;padding-left : 0px !important;margin-left : 7.68%;}@media only screen and (max-width:1024px) {.fusion-body .fusion-builder-column-3{width:16.666666666667% !important;}.fusion-builder-column-3 > .fusion-column-wrapper {margin-right : 5.76%;margin-left : 11.52%;}}@media only screen and (max-width:640px) {.fusion-body .fusion-builder-column-3{width:100% !important;}.fusion-builder-column-3 > .fusion-column-wrapper {margin-right : 1.92%;margin-left : 1.92%;}}<\/style><\/div><div class=\"fusion-layout-column fusion_builder_column fusion-builder-column-4 fusion_builder_column_1_2 1_2 fusion-flex-column\"><div class=\"fusion-column-wrapper fusion-flex-justify-content-flex-start fusion-content-layout-column\" style=\"background-position:left top;background-repeat:no-repeat;-webkit-background-size:cover;-moz-background-size:cover;-o-background-size:cover;background-size:cover;padding: 0px 0px 0px 0px;\"><style type=\"text\/css\">@media only screen and (max-width:1024px) {.fusion-title.fusion-title-2{margin-top:8px!important; margin-right:0px!important;margin-bottom:16px!important;margin-left:0px!important;}}@media only screen and (max-width:640px) {.fusion-title.fusion-title-2{margin-top:8px!important; margin-right:0px!important;margin-bottom:16px!important; margin-left:0px!important;}}<\/style><div class=\"fusion-title title fusion-title-2 fusion-sep-none fusion-title-center fusion-title-text fusion-title-size-two\" style=\"margin-top:8px;margin-right:0px;margin-bottom:16px;margin-left:0px;\"><h2 class=\"title-heading-center fusion-responsive-typography-calculated\" style=\"margin:0;--fontSize:44;line-height:1.26;\">Soyez le premier \u00e0 savoir ?<\/h2><\/div><div class=\"fusion-text fusion-text-2\" style=\"text-align:center;\"><p>Retrouvez les derniers drops ou collaborations sur notre instagram.<\/p>\n<\/div><div class=\"fusion-separator fusion-full-width-sep\" style=\"align-self: center;margin-left: auto;margin-right: auto;margin-top:16px;width:100%;\"><\/div><div style=\"text-align:center;\"><style type=\"text\/css\">.fusion-button.button-1 .fusion-button-text, .fusion-button.button-1 i {color:#181b20;}.fusion-button.button-1 .fusion-button-icon-divider{border-color:#181b20;}.fusion-button.button-1:hover .fusion-button-text, .fusion-button.button-1:hover i,.fusion-button.button-1:focus .fusion-button-text, .fusion-button.button-1:focus i,.fusion-button.button-1:active .fusion-button-text, .fusion-button.button-1:active{color:#ffffff;}.fusion-button.button-1:hover .fusion-button-icon-divider, .fusion-button.button-1:hover .fusion-button-icon-divider, .fusion-button.button-1:active .fusion-button-icon-divider{border-color:#ffffff;}.fusion-button.button-1:hover, .fusion-button.button-1:focus, .fusion-button.button-1:active{border-color:#181b20;border-width:1px;}.fusion-button.button-1 {border-color:rgba(40,45,51,0.1);border-width:1px;border-radius:0px;}.fusion-button.button-1{background: #ffffff;}.fusion-button.button-1:hover,.button-1:focus,.fusion-button.button-1:active{background: rgba(24,27,32,0.92);}<\/style><a class=\"fusion-button button-flat button-xlarge button-custom button-1 fusion-button-default-span fusion-button-default-type\" target=\"_self\" href=\"https:\/\/www.instagram.com\/champagne.is.art\"><span class=\"fusion-button-text\">Suivez-nous<\/span><i class=\"icon-furnitureinstagram-brands button-icon-right\" aria-hidden=\"true\"><\/i><\/a><\/div><\/div><style type=\"text\/css\">.fusion-body .fusion-builder-column-4{width:50% !important;margin-top : 25px;margin-bottom : 60px;}.fusion-builder-column-4 > .fusion-column-wrapper {padding-top : 0px !important;padding-right : 0px !important;margin-right : 1.92%;padding-bottom : 0px !important;padding-left : 0px !important;margin-left : 1.92%;}@media only screen and (max-width:1024px) {.fusion-body .fusion-builder-column-4{width:100% !important;margin-top : 10px;margin-bottom : 30px;}.fusion-builder-column-4 > .fusion-column-wrapper {margin-right : 7.68%;margin-left : 7.68%;}}@media only screen and (max-width:640px) {.fusion-body .fusion-builder-column-4{width:100% !important;}.fusion-builder-column-4 > .fusion-column-wrapper {margin-right : 1.92%;margin-left : 1.92%;}}<\/style><\/div><div class=\"fusion-layout-column fusion_builder_column fusion-builder-column-5 fusion_builder_column_1_4 1_4 fusion-flex-column fusion-no-small-visibility fusion-no-medium-visibility\"><div class=\"fusion-column-wrapper fusion-flex-justify-content-flex-start fusion-content-layout-column\" style=\"background-position:left top;background-repeat:no-repeat;-webkit-background-size:cover;-moz-background-size:cover;-o-background-size:cover;background-size:cover;padding: 0px 0px 0px 0px;\"><\/div><style type=\"text\/css\">.fusion-body .fusion-builder-column-5{width:25% !important;margin-top : 0px;margin-bottom : 5px;}.fusion-builder-column-5 > .fusion-column-wrapper {padding-top : 0px !important;padding-right : 0px !important;margin-right : 7.68%;padding-bottom : 0px !important;padding-left : 0px !important;margin-left : 3.84%;}@media only screen and (max-width:1024px) {.fusion-body .fusion-builder-column-5{width:16.666666666667% !important;}.fusion-builder-column-5 > .fusion-column-wrapper {margin-right : 11.52%;margin-left : 5.76%;}}@media only screen and (max-width:640px) {.fusion-body .fusion-builder-column-5{width:100% !important;}.fusion-builder-column-5 > .fusion-column-wrapper {margin-right : 1.92%;margin-left : 1.92%;}}<\/style><\/div><div class=\"fusion-layout-column fusion_builder_column fusion-builder-column-6 fusion_builder_column_1_1 1_1 fusion-flex-column\"><div class=\"fusion-column-wrapper fusion-flex-justify-content-flex-start fusion-content-layout-column\" style=\"background-position:left top;background-repeat:no-repeat;-webkit-background-size:cover;-moz-background-size:cover;-o-background-size:cover;background-size:cover;padding: 0px 0px 0px 0px;\"><style type=\"text\/css\">.fusion-gallery-1 .fusion-gallery-image {border:0px solid rgba(40,45,51,0.1);}<\/style><div class=\"fusion-gallery fusion-gallery-container fusion-grid-4 fusion-columns-total-4 fusion-gallery-layout-grid fusion-gallery-1\" style=\"margin:0px;\"><div style=\"padding:0px;\" class=\"fusion-grid-column fusion-gallery-column fusion-gallery-column-4 hover-type-zoomin\"><div class=\"fusion-gallery-image\"><a href=\"https:\/\/champagneisart.nl\/wp-content\/uploads\/2021\/08\/Luxe-geschenk-champagne-ferarri-art-kunstwerk-teo-kaykay-DSC06063-2.jpg\" rel=\"noreferrer\" data-rel=\"iLightbox[gallery_image_1]\" class=\"fusion-lightbox\" target=\"_self\"><img decoding=\"async\" src=\"data:image\/gif;base64,R0lGODlhAQABAAAAACH5BAEKAAEALAAAAAABAAEAAAICTAEAOw==\" data-orig-src=\"https:\/\/champagneisart.nl\/wp-content\/uploads\/2021\/08\/Luxe-geschenk-champagne-ferarri-art-kunstwerk-teo-kaykay-DSC06063-2.jpg\" width=\"\" height=\"\" alt=\"\" title=\"Luxe-cadeau-champagne-ferarri-art-teo-kaykay-DSC06063-2\" aria-label=\"Luxe-cadeau-champagne-ferarri-art-teo-kaykay-DSC06063-2\" class=\"lazyload img-responsive wp-image-3339\" \/><\/a><\/div><\/div><div style=\"padding:0px;\" class=\"fusion-grid-column fusion-gallery-column fusion-gallery-column-4 hover-type-zoomin\"><div class=\"fusion-gallery-image\"><a href=\"https:\/\/champagneisart.nl\/wp-content\/uploads\/2021\/08\/Luxe-Champagne-Flessen-Custom-Street-Art-Uniek-Geschenk-DSC05962-3-1.jpg\" rel=\"noreferrer\" data-rel=\"iLightbox[gallery_image_1]\" class=\"fusion-lightbox\" target=\"_self\"><img decoding=\"async\" src=\"data:image\/gif;base64,R0lGODlhAQABAAAAACH5BAEKAAEALAAAAAABAAEAAAICTAEAOw==\" data-orig-src=\"https:\/\/champagneisart.nl\/wp-content\/uploads\/2021\/08\/Luxe-Champagne-Flessen-Custom-Street-Art-Uniek-Geschenk-DSC05962-3-1.jpg\" width=\"\" height=\"\" alt=\"\" title=\"Bouteilles de champagne de luxe-Art de rue personnalis\u00e9-Unique-Cadeau-DSC05962-3\" aria-label=\"Bouteilles de champagne de luxe-Art de rue personnalis\u00e9-Unique-Cadeau-DSC05962-3\" class=\"lazyload img-responsive wp-image-3373\" \/><\/a><\/div><\/div><div style=\"padding:0px;\" class=\"fusion-grid-column fusion-gallery-column fusion-gallery-column-4 hover-type-zoomin\"><div class=\"fusion-gallery-image\"><a href=\"https:\/\/champagneisart.nl\/wp-content\/uploads\/2021\/08\/DSC06014.jpg\" rel=\"noreferrer\" data-rel=\"iLightbox[gallery_image_1]\" class=\"fusion-lightbox\" target=\"_self\"><img decoding=\"async\" src=\"data:image\/gif;base64,R0lGODlhAQABAAAAACH5BAEKAAEALAAAAAABAAEAAAICTAEAOw==\" data-orig-src=\"https:\/\/champagneisart.nl\/wp-content\/uploads\/2021\/08\/DSC06014.jpg\" width=\"\" height=\"\" alt=\"\" title=\"DSC06014\" aria-label=\"DSC06014\" class=\"lazyload img-responsive wp-image-3181\" \/><\/a><\/div><\/div><div style=\"padding:0px;\" class=\"fusion-grid-column fusion-gallery-column fusion-gallery-column-4 hover-type-zoomin\"><div class=\"fusion-gallery-image\"><a href=\"https:\/\/champagneisart.nl\/wp-content\/uploads\/2021\/08\/DSC05979-e1629385133648.jpg\" rel=\"noreferrer\" data-rel=\"iLightbox[gallery_image_1]\" class=\"fusion-lightbox\" target=\"_self\"><img decoding=\"async\" src=\"data:image\/gif;base64,R0lGODlhAQABAAAAACH5BAEKAAEALAAAAAABAAEAAAICTAEAOw==\" data-orig-src=\"https:\/\/champagneisart.nl\/wp-content\/uploads\/2021\/08\/DSC05979-e1629385133648.jpg\" width=\"\" height=\"\" alt=\"\" title=\"DSC05979\" aria-label=\"DSC05979\" class=\"lazyload img-responsive wp-image-3179\" \/><\/a><\/div><\/div><div class=\"clearfix\"><\/div><\/div><\/div><style type=\"text\/css\">.fusion-body .fusion-builder-column-6{width:100% !important;margin-top : 25px;margin-bottom : 25px;}.fusion-builder-column-6 > .fusion-column-wrapper {padding-top : 0px !important;padding-right : 0px !important;margin-right : 1.92%;padding-bottom : 0px !important;padding-left : 0px !important;margin-left : 1.92%;}@media only screen and (max-width:1024px) {.fusion-body .fusion-builder-column-6{width:100% !important;}.fusion-builder-column-6 > .fusion-column-wrapper {margin-right : 1.92%;margin-left : 1.92%;}}@media only screen and (max-width:640px) {.fusion-body .fusion-builder-column-6{width:100% !important;}.fusion-builder-column-6 > .fusion-column-wrapper {margin-right : 1.92%;margin-left : 1.92%;}}<\/style><\/div><\/div><style type=\"text\/css\">.fusion-body .fusion-flex-container.fusion-builder-row-2{ padding-top : 20px;margin-top : 0px;padding-right : 0px;padding-bottom : 20px;margin-bottom : 0px;padding-left : 0px;}<\/style><\/div>\n<\/p>","protected":false},"excerpt":{"rendered":"","protected":false},"author":1,"featured_media":0,"parent":0,"menu_order":0,"comment_status":"closed","ping_status":"closed","template":"100-width.php","meta":{"footnotes":""},"class_list":["post-3778","page","type-page","status-publish","hentry"],"yoast_head":"<!-- This site is optimized with the Yoast SEO plugin v27.5 - https:\/\/yoast.com\/product\/yoast-seo-wordpress\/ -->\n<title>Win actie voorwaarden | Champagne is Art<\/title>\n<meta name=\"robots\" content=\"index, follow, max-snippet:-1, max-image-preview:large, max-video-preview:-1\" \/>\n<link rel=\"canonical\" href=\"https:\/\/champagneisart.nl\/fr\/winactie\/\" \/>\n<meta property=\"og:locale\" content=\"fr_FR\" \/>\n<meta property=\"og:type\" content=\"article\" \/>\n<meta property=\"og:title\" content=\"Win actie voorwaarden | Champagne is Art\" \/>\n<meta property=\"og:url\" content=\"https:\/\/champagneisart.nl\/fr\/winactie\/\" \/>\n<meta property=\"og:site_name\" content=\"Champagne is Art\" \/>\n<meta property=\"article:modified_time\" content=\"2021-12-03T14:05:38+00:00\" \/>\n<meta property=\"og:image\" content=\"https:\/\/champagneisart.nl\/wp-content\/uploads\/2024\/03\/Champagne-is-Art-Luxe-Relatiegeschenken-Geschenken-Beschilderde-Champagne-20240304_091644-1-scaled-e1711097101474.jpg\" \/>\n\t<meta property=\"og:image:width\" content=\"890\" \/>\n\t<meta property=\"og:image:height\" content=\"656\" \/>\n\t<meta property=\"og:image:type\" content=\"image\/jpeg\" \/>\n<meta name=\"twitter:card\" content=\"summary_large_image\" \/>\n<meta name=\"twitter:label1\" content=\"Dur\u00e9e de lecture estim\u00e9e\" \/>\n\t<meta name=\"twitter:data1\" content=\"4 minutes\" \/>\n<script type=\"application\/ld+json\" class=\"yoast-schema-graph\">{\"@context\":\"https:\\\/\\\/schema.org\",\"@graph\":[{\"@type\":\"WebPage\",\"@id\":\"https:\\\/\\\/champagneisart.nl\\\/winactie\\\/\",\"url\":\"https:\\\/\\\/champagneisart.nl\\\/winactie\\\/\",\"name\":\"Win actie voorwaarden | Champagne is Art\",\"isPartOf\":{\"@id\":\"https:\\\/\\\/champagneisart.nl\\\/#website\"},\"datePublished\":\"2021-09-01T10:58:12+00:00\",\"dateModified\":\"2021-12-03T14:05:38+00:00\",\"breadcrumb\":{\"@id\":\"https:\\\/\\\/champagneisart.nl\\\/winactie\\\/#breadcrumb\"},\"inLanguage\":\"fr-FR\",\"potentialAction\":[{\"@type\":\"ReadAction\",\"target\":[\"https:\\\/\\\/champagneisart.nl\\\/winactie\\\/\"]}]},{\"@type\":\"BreadcrumbList\",\"@id\":\"https:\\\/\\\/champagneisart.nl\\\/winactie\\\/#breadcrumb\",\"itemListElement\":[{\"@type\":\"ListItem\",\"position\":1,\"name\":\"Home\",\"item\":\"https:\\\/\\\/champagneisart.nl\\\/\"},{\"@type\":\"ListItem\",\"position\":2,\"name\":\"Win actie voorwaarden\"}]},{\"@type\":\"WebSite\",\"@id\":\"https:\\\/\\\/champagneisart.nl\\\/#website\",\"url\":\"https:\\\/\\\/champagneisart.nl\\\/\",\"name\":\"Champagne Is Art\",\"description\":\"Luxe geschenk | Gepersonaliseerde champagnes\",\"publisher\":{\"@id\":\"https:\\\/\\\/champagneisart.nl\\\/#organization\"},\"potentialAction\":[{\"@type\":\"SearchAction\",\"target\":{\"@type\":\"EntryPoint\",\"urlTemplate\":\"https:\\\/\\\/champagneisart.nl\\\/?s={search_term_string}\"},\"query-input\":{\"@type\":\"PropertyValueSpecification\",\"valueRequired\":true,\"valueName\":\"search_term_string\"}}],\"inLanguage\":\"fr-FR\"},{\"@type\":\"Organization\",\"@id\":\"https:\\\/\\\/champagneisart.nl\\\/#organization\",\"name\":\"Champagne Is Art\",\"url\":\"https:\\\/\\\/champagneisart.nl\\\/\",\"logo\":{\"@type\":\"ImageObject\",\"inLanguage\":\"fr-FR\",\"@id\":\"https:\\\/\\\/champagneisart.nl\\\/#\\\/schema\\\/logo\\\/image\\\/\",\"url\":\"https:\\\/\\\/champagneisart.nl\\\/wp-content\\\/uploads\\\/2021\\\/08\\\/CIA-LOGO-WEB-latest.png\",\"contentUrl\":\"https:\\\/\\\/champagneisart.nl\\\/wp-content\\\/uploads\\\/2021\\\/08\\\/CIA-LOGO-WEB-latest.png\",\"caption\":\"Champagne Is Art\"},\"image\":{\"@id\":\"https:\\\/\\\/champagneisart.nl\\\/#\\\/schema\\\/logo\\\/image\\\/\"}}]}<\/script>\n<!-- \/ Yoast SEO plugin. -->","yoast_head_json":{"title":"Conditions de l'action gagnante | Le champagne, c'est de l'art","robots":{"index":"index","follow":"follow","max-snippet":"max-snippet:-1","max-image-preview":"max-image-preview:large","max-video-preview":"max-video-preview:-1"},"canonical":"https:\/\/champagneisart.nl\/fr\/winactie\/","og_locale":"fr_FR","og_type":"article","og_title":"Win actie voorwaarden | Champagne is Art","og_url":"https:\/\/champagneisart.nl\/fr\/winactie\/","og_site_name":"Champagne is Art","article_modified_time":"2021-12-03T14:05:38+00:00","og_image":[{"width":890,"height":656,"url":"https:\/\/champagneisart.nl\/wp-content\/uploads\/2024\/03\/Champagne-is-Art-Luxe-Relatiegeschenken-Geschenken-Beschilderde-Champagne-20240304_091644-1-scaled-e1711097101474.jpg","type":"image\/jpeg"}],"twitter_card":"summary_large_image","twitter_misc":{"Dur\u00e9e de lecture estim\u00e9e":"4 minutes"},"schema":{"@context":"https:\/\/schema.org","@graph":[{"@type":"WebPage","@id":"https:\/\/champagneisart.nl\/winactie\/","url":"https:\/\/champagneisart.nl\/winactie\/","name":"Conditions de l'action gagnante | Le champagne, c'est de l'art","isPartOf":{"@id":"https:\/\/champagneisart.nl\/#website"},"datePublished":"2021-09-01T10:58:12+00:00","dateModified":"2021-12-03T14:05:38+00:00","breadcrumb":{"@id":"https:\/\/champagneisart.nl\/winactie\/#breadcrumb"},"inLanguage":"fr-FR","potentialAction":[{"@type":"ReadAction","target":["https:\/\/champagneisart.nl\/winactie\/"]}]},{"@type":"BreadcrumbList","@id":"https:\/\/champagneisart.nl\/winactie\/#breadcrumb","itemListElement":[{"@type":"ListItem","position":1,"name":"Home","item":"https:\/\/champagneisart.nl\/"},{"@type":"ListItem","position":2,"name":"Win actie voorwaarden"}]},{"@type":"WebSite","@id":"https:\/\/champagneisart.nl\/#website","url":"https:\/\/champagneisart.nl\/","name":"Le champagne, c'est de l'art","description":"Cadeau de luxe | Champagnes personnalis\u00e9s","publisher":{"@id":"https:\/\/champagneisart.nl\/#organization"},"potentialAction":[{"@type":"SearchAction","target":{"@type":"EntryPoint","urlTemplate":"https:\/\/champagneisart.nl\/?s={search_term_string}"},"query-input":{"@type":"PropertyValueSpecification","valueRequired":true,"valueName":"search_term_string"}}],"inLanguage":"fr-FR"},{"@type":"Organization","@id":"https:\/\/champagneisart.nl\/#organization","name":"Le champagne, c'est de l'art","url":"https:\/\/champagneisart.nl\/","logo":{"@type":"ImageObject","inLanguage":"fr-FR","@id":"https:\/\/champagneisart.nl\/#\/schema\/logo\/image\/","url":"https:\/\/champagneisart.nl\/wp-content\/uploads\/2021\/08\/CIA-LOGO-WEB-latest.png","contentUrl":"https:\/\/champagneisart.nl\/wp-content\/uploads\/2021\/08\/CIA-LOGO-WEB-latest.png","caption":"Champagne Is Art"},"image":{"@id":"https:\/\/champagneisart.nl\/#\/schema\/logo\/image\/"}}]}},"_links":{"self":[{"href":"https:\/\/champagneisart.nl\/fr\/wp-json\/wp\/v2\/pages\/3778","targetHints":{"allow":["GET"]}}],"collection":[{"href":"https:\/\/champagneisart.nl\/fr\/wp-json\/wp\/v2\/pages"}],"about":[{"href":"https:\/\/champagneisart.nl\/fr\/wp-json\/wp\/v2\/types\/page"}],"author":[{"embeddable":true,"href":"https:\/\/champagneisart.nl\/fr\/wp-json\/wp\/v2\/users\/1"}],"replies":[{"embeddable":true,"href":"https:\/\/champagneisart.nl\/fr\/wp-json\/wp\/v2\/comments?post=3778"}],"version-history":[{"count":11,"href":"https:\/\/champagneisart.nl\/fr\/wp-json\/wp\/v2\/pages\/3778\/revisions"}],"predecessor-version":[{"id":4097,"href":"https:\/\/champagneisart.nl\/fr\/wp-json\/wp\/v2\/pages\/3778\/revisions\/4097"}],"wp:attachment":[{"href":"https:\/\/champagneisart.nl\/fr\/wp-json\/wp\/v2\/media?parent=3778"}],"curies":[{"name":"wp","href":"https:\/\/api.w.org\/{rel}","templated":true}]}}