{"id":4059,"date":"2021-11-30T08:17:57","date_gmt":"2021-11-30T08:17:57","guid":{"rendered":"https:\/\/champagneisart.nl\/?page_id=4059"},"modified":"2021-11-30T08:25:32","modified_gmt":"2021-11-30T08:25:32","slug":"verantwoord-alcoholgebruik","status":"publish","type":"page","link":"https:\/\/champagneisart.nl\/fr\/over-ons\/verantwoord-alcoholgebruik\/","title":{"rendered":"Consommation responsable d'alcool"},"content":{"rendered":"<div id=\"labrie\"><div class=\"fusion-fullwidth fullwidth-box fusion-builder-row-1 fusion-flex-container nonhundred-percent-fullwidth non-hundred-percent-height-scrolling\" style=\"background-color: #ffffff;background-position: center center;background-repeat: no-repeat;border-width: 0px 0px 2px 0px;border-color:#eae9e9;border-style:solid;\" ><div class=\"fusion-builder-row fusion-row fusion-flex-align-items-flex-start\" style=\"max-width:1040px;margin-left: calc(-4% \/ 2 );margin-right: calc(-4% \/ 2 );\"><div class=\"fusion-layout-column fusion_builder_column fusion-builder-column-0 fusion_builder_column_1_5 1_5 fusion-flex-column fusion-no-small-visibility fusion-no-medium-visibility\"><div class=\"fusion-column-wrapper fusion-flex-justify-content-flex-start fusion-content-layout-column\" style=\"background-position:left top;background-repeat:no-repeat;-webkit-background-size:cover;-moz-background-size:cover;-o-background-size:cover;background-size:cover;padding: 0px 0px 0px 0px;\"><\/div><style type=\"text\/css\">.fusion-body .fusion-builder-column-0{width:20% !important;margin-top : 25px;margin-bottom : 25px;}.fusion-builder-column-0 > .fusion-column-wrapper {padding-top : 0px !important;padding-right : 0px !important;margin-right : 9.6%;padding-bottom : 0px !important;padding-left : 0px !important;margin-left : 9.6%;}@media only screen and (max-width:1024px) {.fusion-body .fusion-builder-column-0{width:100% !important;order : 0;}.fusion-builder-column-0 > .fusion-column-wrapper {margin-right : 1.92%;margin-left : 1.92%;}}@media only screen and (max-width:640px) {.fusion-body .fusion-builder-column-0{width:100% !important;order : 0;}.fusion-builder-column-0 > .fusion-column-wrapper {margin-right : 1.92%;margin-left : 1.92%;}}<\/style><\/div><div class=\"fusion-layout-column fusion_builder_column fusion-builder-column-1 fusion_builder_column_3_5 3_5 fusion-flex-column fusion-no-small-visibility fusion-no-medium-visibility\"><div class=\"fusion-column-wrapper fusion-flex-justify-content-flex-start fusion-content-layout-column\" style=\"background-position:left top;background-repeat:no-repeat;-webkit-background-size:cover;-moz-background-size:cover;-o-background-size:cover;background-size:cover;padding: 0px 0px 0px 0px;\"><div class=\"fusion-text fusion-text-1 fusion-text-no-margin\" style=\"margin-bottom:-30px;\"><h2 class=\"fusion-responsive-typography-calculated\" style=\"--fontsize: 44; line-height: 1.26;\" data-fontsize=\"44\" data-lineheight=\"55.44px\">Consommation responsable d'alcool<\/h2>\n<\/div><div class=\"fusion-text fusion-text-2\"><p>En tant qu'entreprise d'art de la bouteille de champagne, nous d\u00e9fendons la notion de plaisir responsable. Nous voulons que toute personne \u00e2g\u00e9e de 18 ans ou plus puisse profiter de nos magnifiques bouteilles de champagne, mais de mani\u00e8re responsable. Nous prenons donc nos responsabilit\u00e9s pour emp\u00eacher la vente aux mineurs. C'est pourquoi nous souscrivons et respectons les r\u00e8gles et la l\u00e9gislation r\u00e9gissant la vente de boissons alcoolis\u00e9es.<\/p>\n<p><strong>V\u00e9rification de l'\u00e2ge<\/strong><\/p>\n<p>Afin d'\u00e9viter les ventes aux mineurs dans notre magasin, un contr\u00f4le de l'\u00e2ge est effectu\u00e9 \u00e0 la caisse. Il y a \u00e9galement un contr\u00f4le de l'\u00e2ge \u00e0 la livraison.<\/p>\n<\/div><\/div><style type=\"text\/css\">.fusion-body .fusion-builder-column-1{width:60% !important;margin-top : 25px;margin-bottom : 25px;}.fusion-builder-column-1 > .fusion-column-wrapper {padding-top : 0px !important;padding-right : 0px !important;margin-right : 3.2%;padding-bottom : 0px !important;padding-left : 0px !important;margin-left : 3.2%;}@media only screen and (max-width:1024px) {.fusion-body .fusion-builder-column-1{width:100% !important;order : 0;}.fusion-builder-column-1 > .fusion-column-wrapper {margin-right : 1.92%;margin-left : 1.92%;}}@media only screen and (max-width:640px) {.fusion-body .fusion-builder-column-1{width:100% !important;order : 0;}.fusion-builder-column-1 > .fusion-column-wrapper {margin-right : 1.92%;margin-left : 1.92%;}}<\/style><\/div><div class=\"fusion-layout-column fusion_builder_column fusion-builder-column-2 fusion_builder_column_3_5 3_5 fusion-flex-column fusion-no-large-visibility\"><div class=\"fusion-column-wrapper fusion-flex-justify-content-flex-start fusion-content-layout-column\" style=\"background-position:left top;background-repeat:no-repeat;-webkit-background-size:cover;-moz-background-size:cover;-o-background-size:cover;background-size:cover;padding: 0px 0px 0px 0px;\"><div class=\"fusion-text fusion-text-3 fusion-text-no-margin\" style=\"font-size:44px;margin-bottom:-30px;\"><h2 style=\"--fontsize: 44; line-height: 1.26; font-size: 41px;\" data-fontsize=\"44\" data-lineheight=\"55.44px\" data-fusion-font=\"true\">Consommation responsable d'alcool<\/h2>\n<\/div><div class=\"fusion-text fusion-text-4\"><p>En tant qu'entreprise d'art de la bouteille de champagne, nous d\u00e9fendons la notion de plaisir responsable. Nous voulons que toute personne \u00e2g\u00e9e de 18 ans ou plus puisse profiter de nos magnifiques bouteilles de champagne, mais de mani\u00e8re responsable. Nous prenons donc nos responsabilit\u00e9s pour emp\u00eacher la vente aux mineurs. C'est pourquoi nous souscrivons et respectons les r\u00e8gles et la l\u00e9gislation r\u00e9gissant la vente de boissons alcoolis\u00e9es.<\/p>\n<p><b>V\u00e9rification de l'\u00e2ge<\/b><\/p>\n<p>Afin d'\u00e9viter les ventes aux mineurs dans notre magasin, un contr\u00f4le de l'\u00e2ge est effectu\u00e9 \u00e0 la caisse. Il y a \u00e9galement un contr\u00f4le de l'\u00e2ge \u00e0 la livraison.<\/p>\n<\/div><\/div><style type=\"text\/css\">.fusion-body .fusion-builder-column-2{width:60% !important;margin-top : 25px;margin-bottom : 25px;}.fusion-builder-column-2 > .fusion-column-wrapper {padding-top : 0px !important;padding-right : 0px !important;margin-right : 3.2%;padding-bottom : 0px !important;padding-left : 0px !important;margin-left : 3.2%;}@media only screen and (max-width:1024px) {.fusion-body .fusion-builder-column-2{width:100% !important;order : 0;}.fusion-builder-column-2 > .fusion-column-wrapper {padding-right : 406.99px !important;margin-right : 1.92%;margin-left : 1.92%;}}@media only screen and (max-width:640px) {.fusion-body .fusion-builder-column-2{width:100% !important;order : 0;}.fusion-builder-column-2 > .fusion-column-wrapper {padding-right : 0px !important;margin-right : 1.92%;margin-left : 1.92%;}}<\/style><\/div><div class=\"fusion-layout-column fusion_builder_column fusion-builder-column-3 fusion_builder_column_1_5 1_5 fusion-flex-column fusion-no-small-visibility fusion-no-medium-visibility\"><div class=\"fusion-column-wrapper fusion-flex-justify-content-flex-start fusion-content-layout-column\" style=\"background-position:left top;background-repeat:no-repeat;-webkit-background-size:cover;-moz-background-size:cover;-o-background-size:cover;background-size:cover;padding: 0px 0px 0px 0px;\"><\/div><style type=\"text\/css\">.fusion-body .fusion-builder-column-3{width:20% !important;margin-top : 25px;margin-bottom : 25px;}.fusion-builder-column-3 > .fusion-column-wrapper {padding-top : 0px !important;padding-right : 0px !important;margin-right : 9.6%;padding-bottom : 0px !important;padding-left : 0px !important;margin-left : 9.6%;}@media only screen and (max-width:1024px) {.fusion-body .fusion-builder-column-3{width:100% !important;order : 0;}.fusion-builder-column-3 > .fusion-column-wrapper {margin-right : 1.92%;margin-left : 1.92%;}}@media only screen and (max-width:640px) {.fusion-body .fusion-builder-column-3{width:100% !important;order : 0;}.fusion-builder-column-3 > .fusion-column-wrapper {margin-right : 1.92%;margin-left : 1.92%;}}<\/style><\/div><\/div><style type=\"text\/css\">.fusion-body .fusion-flex-container.fusion-builder-row-1{ padding-top : 2%;margin-top : 0px;padding-right : 0px;padding-bottom : 2%;margin-bottom : 0px;padding-left : 0px;}<\/style><\/div><\/div>","protected":false},"excerpt":{"rendered":"","protected":false},"author":1,"featured_media":0,"parent":17,"menu_order":0,"comment_status":"closed","ping_status":"closed","template":"100-width.php","meta":{"footnotes":""},"class_list":["post-4059","page","type-page","status-publish","hentry"],"yoast_head":"<!-- This site is optimized with the Yoast SEO plugin v27.5 - https:\/\/yoast.com\/product\/yoast-seo-wordpress\/ -->\n<title>Verantwoord alcoholgebruik | Champagne is Art<\/title>\n<meta name=\"robots\" content=\"index, follow, max-snippet:-1, max-image-preview:large, max-video-preview:-1\" \/>\n<link rel=\"canonical\" href=\"https:\/\/champagneisart.nl\/fr\/over-ons\/verantwoord-alcoholgebruik\/\" \/>\n<meta property=\"og:locale\" content=\"fr_FR\" \/>\n<meta property=\"og:type\" content=\"article\" \/>\n<meta property=\"og:title\" content=\"Verantwoord alcoholgebruik | Champagne is Art\" \/>\n<meta property=\"og:url\" content=\"https:\/\/champagneisart.nl\/fr\/over-ons\/verantwoord-alcoholgebruik\/\" \/>\n<meta property=\"og:site_name\" content=\"Champagne is Art\" \/>\n<meta property=\"article:modified_time\" content=\"2021-11-30T08:25:32+00:00\" \/>\n<meta property=\"og:image\" content=\"https:\/\/champagneisart.nl\/wp-content\/uploads\/2024\/03\/Champagne-is-Art-Luxe-Relatiegeschenken-Geschenken-Beschilderde-Champagne-20240304_091644-1-scaled-e1711097101474.jpg\" \/>\n\t<meta property=\"og:image:width\" content=\"890\" \/>\n\t<meta property=\"og:image:height\" content=\"656\" \/>\n\t<meta property=\"og:image:type\" content=\"image\/jpeg\" \/>\n<meta name=\"twitter:card\" content=\"summary_large_image\" \/>\n<meta name=\"twitter:label1\" content=\"Dur\u00e9e de lecture estim\u00e9e\" \/>\n\t<meta name=\"twitter:data1\" content=\"7 minutes\" \/>\n<script type=\"application\/ld+json\" class=\"yoast-schema-graph\">{\"@context\":\"https:\\\/\\\/schema.org\",\"@graph\":[{\"@type\":\"WebPage\",\"@id\":\"https:\\\/\\\/champagneisart.nl\\\/over-ons\\\/verantwoord-alcoholgebruik\\\/\",\"url\":\"https:\\\/\\\/champagneisart.nl\\\/over-ons\\\/verantwoord-alcoholgebruik\\\/\",\"name\":\"Verantwoord alcoholgebruik | Champagne is Art\",\"isPartOf\":{\"@id\":\"https:\\\/\\\/champagneisart.nl\\\/#website\"},\"datePublished\":\"2021-11-30T08:17:57+00:00\",\"dateModified\":\"2021-11-30T08:25:32+00:00\",\"breadcrumb\":{\"@id\":\"https:\\\/\\\/champagneisart.nl\\\/over-ons\\\/verantwoord-alcoholgebruik\\\/#breadcrumb\"},\"inLanguage\":\"fr-FR\",\"potentialAction\":[{\"@type\":\"ReadAction\",\"target\":[\"https:\\\/\\\/champagneisart.nl\\\/over-ons\\\/verantwoord-alcoholgebruik\\\/\"]}]},{\"@type\":\"BreadcrumbList\",\"@id\":\"https:\\\/\\\/champagneisart.nl\\\/over-ons\\\/verantwoord-alcoholgebruik\\\/#breadcrumb\",\"itemListElement\":[{\"@type\":\"ListItem\",\"position\":1,\"name\":\"Home\",\"item\":\"https:\\\/\\\/champagneisart.nl\\\/\"},{\"@type\":\"ListItem\",\"position\":2,\"name\":\"Over ons\",\"item\":\"https:\\\/\\\/champagneisart.nl\\\/over-ons\\\/\"},{\"@type\":\"ListItem\",\"position\":3,\"name\":\"Verantwoord alcoholgebruik\"}]},{\"@type\":\"WebSite\",\"@id\":\"https:\\\/\\\/champagneisart.nl\\\/#website\",\"url\":\"https:\\\/\\\/champagneisart.nl\\\/\",\"name\":\"Champagne Is Art\",\"description\":\"Luxe geschenk | Gepersonaliseerde champagnes\",\"publisher\":{\"@id\":\"https:\\\/\\\/champagneisart.nl\\\/#organization\"},\"potentialAction\":[{\"@type\":\"SearchAction\",\"target\":{\"@type\":\"EntryPoint\",\"urlTemplate\":\"https:\\\/\\\/champagneisart.nl\\\/?s={search_term_string}\"},\"query-input\":{\"@type\":\"PropertyValueSpecification\",\"valueRequired\":true,\"valueName\":\"search_term_string\"}}],\"inLanguage\":\"fr-FR\"},{\"@type\":\"Organization\",\"@id\":\"https:\\\/\\\/champagneisart.nl\\\/#organization\",\"name\":\"Champagne Is Art\",\"url\":\"https:\\\/\\\/champagneisart.nl\\\/\",\"logo\":{\"@type\":\"ImageObject\",\"inLanguage\":\"fr-FR\",\"@id\":\"https:\\\/\\\/champagneisart.nl\\\/#\\\/schema\\\/logo\\\/image\\\/\",\"url\":\"https:\\\/\\\/champagneisart.nl\\\/wp-content\\\/uploads\\\/2021\\\/08\\\/CIA-LOGO-WEB-latest.png\",\"contentUrl\":\"https:\\\/\\\/champagneisart.nl\\\/wp-content\\\/uploads\\\/2021\\\/08\\\/CIA-LOGO-WEB-latest.png\",\"caption\":\"Champagne Is Art\"},\"image\":{\"@id\":\"https:\\\/\\\/champagneisart.nl\\\/#\\\/schema\\\/logo\\\/image\\\/\"}}]}<\/script>\n<!-- \/ Yoast SEO plugin. -->","yoast_head_json":{"title":"Consommation responsable d'alcool | Le champagne, c'est de l'art","robots":{"index":"index","follow":"follow","max-snippet":"max-snippet:-1","max-image-preview":"max-image-preview:large","max-video-preview":"max-video-preview:-1"},"canonical":"https:\/\/champagneisart.nl\/fr\/over-ons\/verantwoord-alcoholgebruik\/","og_locale":"fr_FR","og_type":"article","og_title":"Verantwoord alcoholgebruik | Champagne is Art","og_url":"https:\/\/champagneisart.nl\/fr\/over-ons\/verantwoord-alcoholgebruik\/","og_site_name":"Champagne is Art","article_modified_time":"2021-11-30T08:25:32+00:00","og_image":[{"width":890,"height":656,"url":"https:\/\/champagneisart.nl\/wp-content\/uploads\/2024\/03\/Champagne-is-Art-Luxe-Relatiegeschenken-Geschenken-Beschilderde-Champagne-20240304_091644-1-scaled-e1711097101474.jpg","type":"image\/jpeg"}],"twitter_card":"summary_large_image","twitter_misc":{"Dur\u00e9e de lecture estim\u00e9e":"7 minutes"},"schema":{"@context":"https:\/\/schema.org","@graph":[{"@type":"WebPage","@id":"https:\/\/champagneisart.nl\/over-ons\/verantwoord-alcoholgebruik\/","url":"https:\/\/champagneisart.nl\/over-ons\/verantwoord-alcoholgebruik\/","name":"Consommation responsable d'alcool | Le champagne, c'est de l'art","isPartOf":{"@id":"https:\/\/champagneisart.nl\/#website"},"datePublished":"2021-11-30T08:17:57+00:00","dateModified":"2021-11-30T08:25:32+00:00","breadcrumb":{"@id":"https:\/\/champagneisart.nl\/over-ons\/verantwoord-alcoholgebruik\/#breadcrumb"},"inLanguage":"fr-FR","potentialAction":[{"@type":"ReadAction","target":["https:\/\/champagneisart.nl\/over-ons\/verantwoord-alcoholgebruik\/"]}]},{"@type":"BreadcrumbList","@id":"https:\/\/champagneisart.nl\/over-ons\/verantwoord-alcoholgebruik\/#breadcrumb","itemListElement":[{"@type":"ListItem","position":1,"name":"Home","item":"https:\/\/champagneisart.nl\/"},{"@type":"ListItem","position":2,"name":"Over ons","item":"https:\/\/champagneisart.nl\/over-ons\/"},{"@type":"ListItem","position":3,"name":"Verantwoord alcoholgebruik"}]},{"@type":"WebSite","@id":"https:\/\/champagneisart.nl\/#website","url":"https:\/\/champagneisart.nl\/","name":"Le champagne, c'est de l'art","description":"Cadeau de luxe | Champagnes personnalis\u00e9s","publisher":{"@id":"https:\/\/champagneisart.nl\/#organization"},"potentialAction":[{"@type":"SearchAction","target":{"@type":"EntryPoint","urlTemplate":"https:\/\/champagneisart.nl\/?s={search_term_string}"},"query-input":{"@type":"PropertyValueSpecification","valueRequired":true,"valueName":"search_term_string"}}],"inLanguage":"fr-FR"},{"@type":"Organization","@id":"https:\/\/champagneisart.nl\/#organization","name":"Le champagne, c'est de l'art","url":"https:\/\/champagneisart.nl\/","logo":{"@type":"ImageObject","inLanguage":"fr-FR","@id":"https:\/\/champagneisart.nl\/#\/schema\/logo\/image\/","url":"https:\/\/champagneisart.nl\/wp-content\/uploads\/2021\/08\/CIA-LOGO-WEB-latest.png","contentUrl":"https:\/\/champagneisart.nl\/wp-content\/uploads\/2021\/08\/CIA-LOGO-WEB-latest.png","caption":"Champagne Is Art"},"image":{"@id":"https:\/\/champagneisart.nl\/#\/schema\/logo\/image\/"}}]}},"_links":{"self":[{"href":"https:\/\/champagneisart.nl\/fr\/wp-json\/wp\/v2\/pages\/4059","targetHints":{"allow":["GET"]}}],"collection":[{"href":"https:\/\/champagneisart.nl\/fr\/wp-json\/wp\/v2\/pages"}],"about":[{"href":"https:\/\/champagneisart.nl\/fr\/wp-json\/wp\/v2\/types\/page"}],"author":[{"embeddable":true,"href":"https:\/\/champagneisart.nl\/fr\/wp-json\/wp\/v2\/users\/1"}],"replies":[{"embeddable":true,"href":"https:\/\/champagneisart.nl\/fr\/wp-json\/wp\/v2\/comments?post=4059"}],"version-history":[{"count":2,"href":"https:\/\/champagneisart.nl\/fr\/wp-json\/wp\/v2\/pages\/4059\/revisions"}],"predecessor-version":[{"id":4061,"href":"https:\/\/champagneisart.nl\/fr\/wp-json\/wp\/v2\/pages\/4059\/revisions\/4061"}],"up":[{"embeddable":true,"href":"https:\/\/champagneisart.nl\/fr\/wp-json\/wp\/v2\/pages\/17"}],"wp:attachment":[{"href":"https:\/\/champagneisart.nl\/fr\/wp-json\/wp\/v2\/media?parent=4059"}],"curies":[{"name":"wp","href":"https:\/\/api.w.org\/{rel}","templated":true}]}}